{"id":669,"date":"2022-06-03T10:47:19","date_gmt":"2022-06-03T10:47:19","guid":{"rendered":"http:\/\/sahne.objektifsahne.de\/?page_id=669"},"modified":"2022-06-15T08:50:07","modified_gmt":"2022-06-15T08:50:07","slug":"iletisim","status":"publish","type":"page","link":"https:\/\/objektifsahne.de\/tr\/iletisim\/","title":{"rendered":"Iletisim"},"content":{"rendered":"\t\t<div data-elementor-type=\"wp-page\" data-elementor-id=\"669\" class=\"elementor elementor-669\">\n\t\t\t\t\t\t<section class=\"elementor-section elementor-top-section elementor-element elementor-element-2d50da8 elementor-section-height-min-height elementor-section-boxed elementor-section-height-default elementor-section-items-middle\" data-id=\"2d50da8\" data-element_type=\"section\" data-e-type=\"section\" data-settings=\"{&quot;background_background&quot;:&quot;classic&quot;}\">\n\t\t\t\t\t\t\t<div class=\"elementor-background-overlay\"><\/div>\n\t\t\t\t\t\t\t<div class=\"elementor-container elementor-column-gap-no\">\n\t\t\t\t\t<div class=\"elementor-column elementor-col-100 elementor-top-column elementor-element elementor-element-6e5c37cf\" data-id=\"6e5c37cf\" data-element_type=\"column\" data-e-type=\"column\">\n\t\t\t<div class=\"elementor-widget-wrap elementor-element-populated\">\n\t\t\t\t\t\t<div class=\"elementor-element elementor-element-42956374 elementor-widget elementor-widget-heading\" data-id=\"42956374\" data-element_type=\"widget\" data-e-type=\"widget\" data-widget_type=\"heading.default\">\n\t\t\t\t<div class=\"elementor-widget-container\">\n\t\t\t\t\t<h1 class=\"elementor-heading-title elementor-size-default\">IMPRESSUM<\/h1>\t\t\t\t<\/div>\n\t\t\t\t<\/div>\n\t\t\t\t\t<\/div>\n\t\t<\/div>\n\t\t\t\t\t<\/div>\n\t\t<\/section>\n\t\t\t\t<section class=\"elementor-section elementor-top-section elementor-element elementor-element-5717343e elementor-section-boxed elementor-section-height-default elementor-section-height-default\" data-id=\"5717343e\" data-element_type=\"section\" data-e-type=\"section\" data-settings=\"{&quot;background_background&quot;:&quot;classic&quot;}\">\n\t\t\t\t\t\t\t<div class=\"elementor-background-overlay\"><\/div>\n\t\t\t\t\t\t\t<div class=\"elementor-container elementor-column-gap-default\">\n\t\t\t\t\t<div class=\"elementor-column elementor-col-100 elementor-top-column elementor-element elementor-element-480d84db\" data-id=\"480d84db\" data-element_type=\"column\" data-e-type=\"column\">\n\t\t\t<div class=\"elementor-widget-wrap elementor-element-populated\">\n\t\t\t\t\t\t<div class=\"elementor-element elementor-element-3f2cd072 elementor-widget elementor-widget-text-editor\" data-id=\"3f2cd072\" data-element_type=\"widget\" data-e-type=\"widget\" data-widget_type=\"text-editor.default\">\n\t\t\t\t<div class=\"elementor-widget-container\">\n\t\t\t\t\t\t\t\t\t<h1>Impressum<\/h1><h2 id=\"m46\">Diensteanbieter<\/h2><p>Objektif Kunst,- Kultur und Theaterhaus e.V.<\/p><p>Sulzbacherstrasse 80<\/p><p>90489 N\u00fcrnberg<\/p><h2 id=\"m56\">Kontaktm\u00f6glichkeiten<\/h2><p>E-Mail-Adresse:<\/p><p><a href=\"mailto:info@objektifsahne.de\">info@objektifsahne.de<\/a><\/p><p>Telefon:<\/p><p>091192325760<\/p><p>Kontaktformular:<\/p><p><a href=\"https:\/\/objektifsahne.de\" target=\"_blank\" rel=\"noopener\">https:\/\/objektifsahne.de<\/a><\/p><h2 id=\"m153\">Vertretungsberechtigte Personen<\/h2><p>Vertretungsberechtigt:<\/p><p>Cihan Kente<\/p><h2 id=\"m151\">Register und Registernummer<\/h2><p>Vereinsregister<\/p><p>Gef\u00fchrt bei:<\/p><p>Amtsgericht N\u00fcrnberg<\/p><p>Nummer:<\/p><p>VR 3757<\/p><h2 id=\"m174\">Online-Streitbeilegung (OS)<\/h2><p>Online-Streitbeilegung: Die Europ\u00e4ische Kommission stellt eine Plattform zur Online-Streitbeilegung (OS) bereit, die Sie unter <a href=\"https:\/\/ec.europa.eu\/consumers\/odr\/\" target=\"_blank\" rel=\"noopener\">https:\/\/ec.europa.eu\/consumers\/odr\/<\/a> finden. Verbraucher haben die M\u00f6glichkeit, diese Plattform f\u00fcr die Beilegung ihrer Streitigkeiten zu nutzen.<\/p><h2 id=\"m172\">Social Media und andere Onlinepr\u00e4senzen<\/h2><p>Dieses Impressum gilt auch f\u00fcr die folgenden Social-Media-Pr\u00e4senzen und Onlineprofile:<\/p><p><a href=\"https:\/\/twitter.com\/objektifsahne\" target=\"_blank\" rel=\"noopener\">https:\/\/twitter.com\/objektifsahne<\/a><\/p><p><a href=\"https:\/\/www.instagram.com\/objektifsahneofficial\/\" target=\"_blank\" rel=\"noopener\">https:\/\/www.instagram.com\/objektifsahneofficial\/<\/a><\/p><p><a href=\"https:\/\/www.facebook.com\/groups\/215796349823\" target=\"_blank\" rel=\"noopener\">https:\/\/www.facebook.com\/groups\/215796349823<\/a><\/p><h2 id=\"m169\">Bildnachweise<\/h2><p>Bildquellen und Urheberrechtshinweise:<\/p><p>Alle auf dieser Website genannten Produktnamen, Produktbezeichnungen und Logos sind eingetragene Warenzeichen und Eigentum der jeweiligen Rechteinhaber. Design, Fotos, Videos, Grafiken und Inhalte sind unser geistiges Eigentum, soweit nicht einzelne Inhalte dem Copyright Dritter unterliegen. Bei der Wiedergabe fremder Inhalte liegt eine Genehmigung der jeweiligen Inhaber vor, sofern nicht eine generelle Genehmigung vorliegt.<\/p><p>Die durch die Seitenbetreiber erstellten Inhalte und Werke auf diesen Seiten unterliegen dem deutschen Urheberrecht. Die Vervielf\u00e4ltigung, Bearbeitung, Verbreitung und jede Art der Verwertung au\u00dferhalb der Grenzen des Urheberrechtes bed\u00fcrfen der schriftlichen Zustimmung des jeweiligen Autors bzw. Erstellers. Downloads und Kopien dieser Seite sind nur f\u00fcr den privaten, nicht kommerziellen Gebrauch gestattet. Soweit die Inhalte auf dieser Seite nicht vom Betreiber erstellt wurden, werden die Urheberrechte Dritter beachtet. Insbesondere werden Inhalte Dritter als solche gekennzeichnet. Sollten Sie trotzdem auf eine Urheberrechtsverletzung aufmerksam werden, bitten wir um einen entsprechenden Hinweis. Bei Bekanntwerden von Rechtsverletzungen werden wir derartige Inhalte umgehend entfernen.<\/p>\t\t\t\t\t\t\t\t<\/div>\n\t\t\t\t<\/div>\n\t\t\t\t\t<\/div>\n\t\t<\/div>\n\t\t\t\t\t<\/div>\n\t\t<\/section>\n\t\t\t\t<\/div>\n\t\t","protected":false},"excerpt":{"rendered":"<p>IMPRESSUM Impressum Diensteanbieter Objektif Kunst,- Kultur und Theaterhaus e.V. Sulzbacherstrasse 80 90489 N\u00fcrnberg Kontaktm\u00f6glichkeiten E-Mail-Adresse: info@objektifsahne.de Telefon: 091192325760 Kontaktformular: https:\/\/objektifsahne.de Vertretungsberechtigte Personen Vertretungsberechtigt: Cihan Kente Register und Registernummer Vereinsregister Gef\u00fchrt bei: Amtsgericht N\u00fcrnberg Nummer: VR 3757 Online-Streitbeilegung (OS) Online-Streitbeilegung: Die Europ\u00e4ische Kommission stellt eine Plattform zur Online-Streitbeilegung (OS) bereit, die Sie unter https:\/\/ec.europa.eu\/consumers\/odr\/ finden. Verbraucher [&hellip;]<\/p>\n","protected":false},"author":1,"featured_media":0,"parent":0,"menu_order":0,"comment_status":"closed","ping_status":"closed","template":"","meta":{"ocean_post_layout":"full-screen","ocean_both_sidebars_style":"","ocean_both_sidebars_content_width":0,"ocean_both_sidebars_sidebars_width":0,"ocean_sidebar":"0","ocean_second_sidebar":"0","ocean_disable_margins":"enable","ocean_add_body_class":"","ocean_shortcode_before_top_bar":"","ocean_shortcode_after_top_bar":"","ocean_shortcode_before_header":"","ocean_shortcode_after_header":"","ocean_has_shortcode":"","ocean_shortcode_after_title":"","ocean_shortcode_before_footer_widgets":"","ocean_shortcode_after_footer_widgets":"","ocean_shortcode_before_footer_bottom":"","ocean_shortcode_after_footer_bottom":"","ocean_display_top_bar":"off","ocean_display_header":"default","ocean_header_style":"","ocean_center_header_left_menu":"0","ocean_custom_header_template":"0","ocean_custom_logo":0,"ocean_custom_retina_logo":0,"ocean_custom_logo_max_width":0,"ocean_custom_logo_tablet_max_width":0,"ocean_custom_logo_mobile_max_width":0,"ocean_custom_logo_max_height":0,"ocean_custom_logo_tablet_max_height":0,"ocean_custom_logo_mobile_max_height":0,"ocean_header_custom_menu":"0","ocean_menu_typo_font_family":"0","ocean_menu_typo_font_subset":"","ocean_menu_typo_font_size":0,"ocean_menu_typo_font_size_tablet":0,"ocean_menu_typo_font_size_mobile":0,"ocean_menu_typo_font_size_unit":"px","ocean_menu_typo_font_weight":"","ocean_menu_typo_font_weight_tablet":"","ocean_menu_typo_font_weight_mobile":"","ocean_menu_typo_transform":"","ocean_menu_typo_transform_tablet":"","ocean_menu_typo_transform_mobile":"","ocean_menu_typo_line_height":0,"ocean_menu_typo_line_height_tablet":0,"ocean_menu_typo_line_height_mobile":0,"ocean_menu_typo_line_height_unit":"","ocean_menu_typo_spacing":0,"ocean_menu_typo_spacing_tablet":0,"ocean_menu_typo_spacing_mobile":0,"ocean_menu_typo_spacing_unit":"","ocean_menu_link_color":"","ocean_menu_link_color_hover":"","ocean_menu_link_color_active":"","ocean_menu_link_background":"","ocean_menu_link_hover_background":"","ocean_menu_link_active_background":"","ocean_menu_social_links_bg":"","ocean_menu_social_hover_links_bg":"","ocean_menu_social_links_color":"","ocean_menu_social_hover_links_color":"","ocean_disable_title":"on","ocean_disable_heading":"default","ocean_post_title":"","ocean_post_subheading":"","ocean_post_title_style":"","ocean_post_title_background_color":"","ocean_post_title_background":0,"ocean_post_title_bg_image_position":"","ocean_post_title_bg_image_attachment":"","ocean_post_title_bg_image_repeat":"","ocean_post_title_bg_image_size":"","ocean_post_title_height":0,"ocean_post_title_bg_overlay":0.5,"ocean_post_title_bg_overlay_color":"","ocean_disable_breadcrumbs":"default","ocean_breadcrumbs_color":"","ocean_breadcrumbs_separator_color":"","ocean_breadcrumbs_links_color":"","ocean_breadcrumbs_links_hover_color":"","ocean_display_footer_widgets":"off","ocean_display_footer_bottom":"on","ocean_custom_footer_template":"0","footnotes":""},"class_list":["post-669","page","type-page","status-publish","hentry","entry"],"yoast_head":"<!-- This site is optimized with the Yoast SEO plugin v27.4 - https:\/\/yoast.com\/product\/yoast-seo-wordpress\/ -->\n<title>Iletisim - Objektif Sahne<\/title>\n<meta name=\"robots\" content=\"index, follow, max-snippet:-1, max-image-preview:large, max-video-preview:-1\" \/>\n<link rel=\"canonical\" href=\"https:\/\/objektifsahne.de\/tr\/iletisim\/\" \/>\n<meta property=\"og:locale\" content=\"tr_TR\" \/>\n<meta property=\"og:type\" content=\"article\" \/>\n<meta property=\"og:title\" content=\"Iletisim - Objektif Sahne\" \/>\n<meta property=\"og:description\" content=\"IMPRESSUM Impressum Diensteanbieter Objektif Kunst,- Kultur und Theaterhaus e.V. Sulzbacherstrasse 80 90489 N\u00fcrnberg Kontaktm\u00f6glichkeiten E-Mail-Adresse: info@objektifsahne.de Telefon: 091192325760 Kontaktformular: https:\/\/objektifsahne.de Vertretungsberechtigte Personen Vertretungsberechtigt: Cihan Kente Register und Registernummer Vereinsregister Gef\u00fchrt bei: Amtsgericht N\u00fcrnberg Nummer: VR 3757 Online-Streitbeilegung (OS) Online-Streitbeilegung: Die Europ\u00e4ische Kommission stellt eine Plattform zur Online-Streitbeilegung (OS) bereit, die Sie unter https:\/\/ec.europa.eu\/consumers\/odr\/ finden. Verbraucher [&hellip;]\" \/>\n<meta property=\"og:url\" content=\"https:\/\/objektifsahne.de\/tr\/iletisim\/\" \/>\n<meta property=\"og:site_name\" content=\"Objektif Sahne\" \/>\n<meta property=\"article:publisher\" content=\"https:\/\/www.facebook.com\/groups\/215796349823\" \/>\n<meta property=\"article:modified_time\" content=\"2022-06-15T08:50:07+00:00\" \/>\n<meta name=\"twitter:card\" content=\"summary_large_image\" \/>\n<meta name=\"twitter:site\" content=\"@objektifsahne\" \/>\n<meta name=\"twitter:label1\" content=\"Tahmini okuma s\u00fcresi\" \/>\n\t<meta name=\"twitter:data1\" content=\"1 dakika\" \/>\n<script type=\"application\/ld+json\" class=\"yoast-schema-graph\">{\"@context\":\"https:\\\/\\\/schema.org\",\"@graph\":[{\"@type\":\"WebPage\",\"@id\":\"https:\\\/\\\/objektifsahne.de\\\/iletisim\\\/\",\"url\":\"https:\\\/\\\/objektifsahne.de\\\/iletisim\\\/\",\"name\":\"Iletisim - Objektif Sahne\",\"isPartOf\":{\"@id\":\"https:\\\/\\\/objektifsahne.de\\\/#website\"},\"datePublished\":\"2022-06-03T10:47:19+00:00\",\"dateModified\":\"2022-06-15T08:50:07+00:00\",\"breadcrumb\":{\"@id\":\"https:\\\/\\\/objektifsahne.de\\\/iletisim\\\/#breadcrumb\"},\"inLanguage\":\"tr\",\"potentialAction\":[{\"@type\":\"ReadAction\",\"target\":[\"https:\\\/\\\/objektifsahne.de\\\/iletisim\\\/\"]}]},{\"@type\":\"BreadcrumbList\",\"@id\":\"https:\\\/\\\/objektifsahne.de\\\/iletisim\\\/#breadcrumb\",\"itemListElement\":[{\"@type\":\"ListItem\",\"position\":1,\"name\":\"Startseite\",\"item\":\"https:\\\/\\\/objektifsahne.de\\\/\"},{\"@type\":\"ListItem\",\"position\":2,\"name\":\"Iletisim\"}]},{\"@type\":\"WebSite\",\"@id\":\"https:\\\/\\\/objektifsahne.de\\\/#website\",\"url\":\"https:\\\/\\\/objektifsahne.de\\\/\",\"name\":\"Objektif Sahne\",\"description\":\"\",\"publisher\":{\"@id\":\"https:\\\/\\\/objektifsahne.de\\\/#organization\"},\"potentialAction\":[{\"@type\":\"SearchAction\",\"target\":{\"@type\":\"EntryPoint\",\"urlTemplate\":\"https:\\\/\\\/objektifsahne.de\\\/?s={search_term_string}\"},\"query-input\":{\"@type\":\"PropertyValueSpecification\",\"valueRequired\":true,\"valueName\":\"search_term_string\"}}],\"inLanguage\":\"tr\"},{\"@type\":\"Organization\",\"@id\":\"https:\\\/\\\/objektifsahne.de\\\/#organization\",\"name\":\"Objektif Sahne\",\"url\":\"https:\\\/\\\/objektifsahne.de\\\/\",\"logo\":{\"@type\":\"ImageObject\",\"inLanguage\":\"tr\",\"@id\":\"https:\\\/\\\/objektifsahne.de\\\/#\\\/schema\\\/logo\\\/image\\\/\",\"url\":\"https:\\\/\\\/objektifsahne.de\\\/wp-content\\\/uploads\\\/2022\\\/05\\\/cropped-cropped-cropped-logo-e1653991206963.png\",\"contentUrl\":\"https:\\\/\\\/objektifsahne.de\\\/wp-content\\\/uploads\\\/2022\\\/05\\\/cropped-cropped-cropped-logo-e1653991206963.png\",\"width\":1800,\"height\":893,\"caption\":\"Objektif Sahne\"},\"image\":{\"@id\":\"https:\\\/\\\/objektifsahne.de\\\/#\\\/schema\\\/logo\\\/image\\\/\"},\"sameAs\":[\"https:\\\/\\\/www.facebook.com\\\/groups\\\/215796349823\",\"https:\\\/\\\/x.com\\\/objektifsahne\",\"https:\\\/\\\/www.instagram.com\\\/objektifsahneofficial\\\/\"]}]}<\/script>\n<!-- \/ Yoast SEO plugin. -->","yoast_head_json":{"title":"Iletisim - Objektif Sahne","robots":{"index":"index","follow":"follow","max-snippet":"max-snippet:-1","max-image-preview":"max-image-preview:large","max-video-preview":"max-video-preview:-1"},"canonical":"https:\/\/objektifsahne.de\/tr\/iletisim\/","og_locale":"tr_TR","og_type":"article","og_title":"Iletisim - Objektif Sahne","og_description":"IMPRESSUM Impressum Diensteanbieter Objektif Kunst,- Kultur und Theaterhaus e.V. Sulzbacherstrasse 80 90489 N\u00fcrnberg Kontaktm\u00f6glichkeiten E-Mail-Adresse: info@objektifsahne.de Telefon: 091192325760 Kontaktformular: https:\/\/objektifsahne.de Vertretungsberechtigte Personen Vertretungsberechtigt: Cihan Kente Register und Registernummer Vereinsregister Gef\u00fchrt bei: Amtsgericht N\u00fcrnberg Nummer: VR 3757 Online-Streitbeilegung (OS) Online-Streitbeilegung: Die Europ\u00e4ische Kommission stellt eine Plattform zur Online-Streitbeilegung (OS) bereit, die Sie unter https:\/\/ec.europa.eu\/consumers\/odr\/ finden. Verbraucher [&hellip;]","og_url":"https:\/\/objektifsahne.de\/tr\/iletisim\/","og_site_name":"Objektif Sahne","article_publisher":"https:\/\/www.facebook.com\/groups\/215796349823","article_modified_time":"2022-06-15T08:50:07+00:00","twitter_card":"summary_large_image","twitter_site":"@objektifsahne","twitter_misc":{"Tahmini okuma s\u00fcresi":"1 dakika"},"schema":{"@context":"https:\/\/schema.org","@graph":[{"@type":"WebPage","@id":"https:\/\/objektifsahne.de\/iletisim\/","url":"https:\/\/objektifsahne.de\/iletisim\/","name":"Iletisim - Objektif Sahne","isPartOf":{"@id":"https:\/\/objektifsahne.de\/#website"},"datePublished":"2022-06-03T10:47:19+00:00","dateModified":"2022-06-15T08:50:07+00:00","breadcrumb":{"@id":"https:\/\/objektifsahne.de\/iletisim\/#breadcrumb"},"inLanguage":"tr","potentialAction":[{"@type":"ReadAction","target":["https:\/\/objektifsahne.de\/iletisim\/"]}]},{"@type":"BreadcrumbList","@id":"https:\/\/objektifsahne.de\/iletisim\/#breadcrumb","itemListElement":[{"@type":"ListItem","position":1,"name":"Startseite","item":"https:\/\/objektifsahne.de\/"},{"@type":"ListItem","position":2,"name":"Iletisim"}]},{"@type":"WebSite","@id":"https:\/\/objektifsahne.de\/#website","url":"https:\/\/objektifsahne.de\/","name":"Objektif Sahne","description":"","publisher":{"@id":"https:\/\/objektifsahne.de\/#organization"},"potentialAction":[{"@type":"SearchAction","target":{"@type":"EntryPoint","urlTemplate":"https:\/\/objektifsahne.de\/?s={search_term_string}"},"query-input":{"@type":"PropertyValueSpecification","valueRequired":true,"valueName":"search_term_string"}}],"inLanguage":"tr"},{"@type":"Organization","@id":"https:\/\/objektifsahne.de\/#organization","name":"Objektif Sahne","url":"https:\/\/objektifsahne.de\/","logo":{"@type":"ImageObject","inLanguage":"tr","@id":"https:\/\/objektifsahne.de\/#\/schema\/logo\/image\/","url":"https:\/\/objektifsahne.de\/wp-content\/uploads\/2022\/05\/cropped-cropped-cropped-logo-e1653991206963.png","contentUrl":"https:\/\/objektifsahne.de\/wp-content\/uploads\/2022\/05\/cropped-cropped-cropped-logo-e1653991206963.png","width":1800,"height":893,"caption":"Objektif Sahne"},"image":{"@id":"https:\/\/objektifsahne.de\/#\/schema\/logo\/image\/"},"sameAs":["https:\/\/www.facebook.com\/groups\/215796349823","https:\/\/x.com\/objektifsahne","https:\/\/www.instagram.com\/objektifsahneofficial\/"]}]}},"_links":{"self":[{"href":"https:\/\/objektifsahne.de\/tr\/wp-json\/wp\/v2\/pages\/669","targetHints":{"allow":["GET"]}}],"collection":[{"href":"https:\/\/objektifsahne.de\/tr\/wp-json\/wp\/v2\/pages"}],"about":[{"href":"https:\/\/objektifsahne.de\/tr\/wp-json\/wp\/v2\/types\/page"}],"author":[{"embeddable":true,"href":"https:\/\/objektifsahne.de\/tr\/wp-json\/wp\/v2\/users\/1"}],"replies":[{"embeddable":true,"href":"https:\/\/objektifsahne.de\/tr\/wp-json\/wp\/v2\/comments?post=669"}],"version-history":[{"count":0,"href":"https:\/\/objektifsahne.de\/tr\/wp-json\/wp\/v2\/pages\/669\/revisions"}],"wp:attachment":[{"href":"https:\/\/objektifsahne.de\/tr\/wp-json\/wp\/v2\/media?parent=669"}],"curies":[{"name":"wp","href":"https:\/\/api.w.org\/{rel}","templated":true}]}}